{"id":7062,"date":"2024-11-20T10:56:30","date_gmt":"2024-11-20T10:56:30","guid":{"rendered":"https:\/\/sw-ift.ae\/?page_id=7062"},"modified":"2024-11-20T10:57:10","modified_gmt":"2024-11-20T10:57:10","slug":"sitemap","status":"publish","type":"page","link":"https:\/\/sw-ift.ae\/fr\/sitemap\/","title":{"rendered":"Sitemap"},"content":{"rendered":"<div data-elementor-type=\"wp-page\" data-elementor-id=\"7062\" class=\"elementor elementor-7062\" data-elementor-settings=\"{&quot;element_pack_global_tooltip_width&quot;:{&quot;unit&quot;:&quot;px&quot;,&quot;size&quot;:&quot;&quot;,&quot;sizes&quot;:[]},&quot;element_pack_global_tooltip_width_tablet&quot;:{&quot;unit&quot;:&quot;px&quot;,&quot;size&quot;:&quot;&quot;,&quot;sizes&quot;:[]},&quot;element_pack_global_tooltip_width_mobile&quot;:{&quot;unit&quot;:&quot;px&quot;,&quot;size&quot;:&quot;&quot;,&quot;sizes&quot;:[]},&quot;element_pack_global_tooltip_padding&quot;:{&quot;unit&quot;:&quot;px&quot;,&quot;top&quot;:&quot;&quot;,&quot;right&quot;:&quot;&quot;,&quot;bottom&quot;:&quot;&quot;,&quot;left&quot;:&quot;&quot;,&quot;isLinked&quot;:true},&quot;element_pack_global_tooltip_padding_tablet&quot;:{&quot;unit&quot;:&quot;px&quot;,&quot;top&quot;:&quot;&quot;,&quot;right&quot;:&quot;&quot;,&quot;bottom&quot;:&quot;&quot;,&quot;left&quot;:&quot;&quot;,&quot;isLinked&quot;:true},&quot;element_pack_global_tooltip_padding_mobile&quot;:{&quot;unit&quot;:&quot;px&quot;,&quot;top&quot;:&quot;&quot;,&quot;right&quot;:&quot;&quot;,&quot;bottom&quot;:&quot;&quot;,&quot;left&quot;:&quot;&quot;,&quot;isLinked&quot;:true},&quot;element_pack_global_tooltip_border_radius&quot;:{&quot;unit&quot;:&quot;px&quot;,&quot;top&quot;:&quot;&quot;,&quot;right&quot;:&quot;&quot;,&quot;bottom&quot;:&quot;&quot;,&quot;left&quot;:&quot;&quot;,&quot;isLinked&quot;:true},&quot;element_pack_global_tooltip_border_radius_tablet&quot;:{&quot;unit&quot;:&quot;px&quot;,&quot;top&quot;:&quot;&quot;,&quot;right&quot;:&quot;&quot;,&quot;bottom&quot;:&quot;&quot;,&quot;left&quot;:&quot;&quot;,&quot;isLinked&quot;:true},&quot;element_pack_global_tooltip_border_radius_mobile&quot;:{&quot;unit&quot;:&quot;px&quot;,&quot;top&quot;:&quot;&quot;,&quot;right&quot;:&quot;&quot;,&quot;bottom&quot;:&quot;&quot;,&quot;left&quot;:&quot;&quot;,&quot;isLinked&quot;:true}}\" data-elementor-post-type=\"page\">\n\t\t\t\t<div class=\"elementor-element elementor-element-0b9d53e e-flex e-con-boxed e-con e-parent\" data-id=\"0b9d53e\" data-element_type=\"container\">\n\t\t\t\t\t<div class=\"e-con-inner\">\n\t\t\t\t<div class=\"elementor-element elementor-element-15778f1 elementor-widget elementor-widget-sitemap\" data-id=\"15778f1\" data-element_type=\"widget\" data-widget_type=\"sitemap.default\">\n\t\t\t\t<div class=\"elementor-widget-container\">\n\t\t\t\t\t<div class=\"elementor-sitemap-wrap\"><div class=\"elementor-sitemap-section\"><h2 class=\"elementor-sitemap-title elementor-sitemap-page-title\">Pages<\/h2><ul class=\"elementor-sitemap-list elementor-sitemap-page-list\"><li class=\"elementor-sitemap-item elementor-sitemap-item-page page_item page-item-13460\"><a href=\"https:\/\/sw-ift.ae\/fr\/expertise\/big-white-crypto\/\">Big White Crypto<\/a><\/li><li class=\"elementor-sitemap-item elementor-sitemap-item-page page_item page-item-13069\"><a href=\"https:\/\/sw-ift.ae\/fr\/expertise\/decentralized-digital-transformation\/\">SWIFT DCT<\/a><\/li><li class=\"elementor-sitemap-item elementor-sitemap-item-page page_item page-item-13062\"><a href=\"https:\/\/sw-ift.ae\/fr\/404-error\/\">404<\/a><\/li><li class=\"elementor-sitemap-item elementor-sitemap-item-page page_item page-item-12538\"><a href=\"https:\/\/sw-ift.ae\/fr\/valgrind-request\/\">Valgrind<\/a><\/li><li class=\"elementor-sitemap-item elementor-sitemap-item-page page_item page-item-12521\"><a href=\"https:\/\/sw-ift.ae\/fr\/\">SWIFT Holding aux \u00c9mirats arabes unis<\/a><\/li><li class=\"elementor-sitemap-item elementor-sitemap-item-page page_item page-item-12519\"><a href=\"https:\/\/sw-ift.ae\/fr\/south-africa\/\">SWIFT Holding en Afrique du Sud<\/a><\/li><li class=\"elementor-sitemap-item elementor-sitemap-item-page page_item page-item-12495\"><a href=\"https:\/\/sw-ift.ae\/fr\/country\/hong-kong\/\">SWIFT Holding \u00e0 Hong Kong<\/a><\/li><li class=\"elementor-sitemap-item elementor-sitemap-item-page page_item page-item-12489\"><a href=\"https:\/\/sw-ift.ae\/fr\/country\/czech-republic\/\">SWIFT Holding en R\u00e9publique tch\u00e8que<\/a><\/li><li class=\"elementor-sitemap-item elementor-sitemap-item-page page_item page-item-8795\"><a href=\"https:\/\/sw-ift.ae\/fr\/contact\/thank-you\/\">Thank You<\/a><\/li><li class=\"elementor-sitemap-item elementor-sitemap-item-page page_item page-item-8451\"><a href=\"https:\/\/sw-ift.ae\/fr\/block\/\">Block<\/a><\/li><li class=\"elementor-sitemap-item elementor-sitemap-item-page page_item page-item-7868\"><a href=\"https:\/\/sw-ift.ae\/fr\/country\/austria\/\">SWIFT Holding en Autriche<\/a><\/li><li class=\"elementor-sitemap-item elementor-sitemap-item-page page_item page-item-7867\"><a href=\"https:\/\/sw-ift.ae\/fr\/united-states\/\">SWIFT Holding aux \u00c9tats-Unis<\/a><\/li><li class=\"elementor-sitemap-item elementor-sitemap-item-page page_item page-item-7866\"><a href=\"https:\/\/sw-ift.ae\/fr\/united-kingdom\/\">SWIFT Holding au Royaume-Uni<\/a><\/li><li class=\"elementor-sitemap-item elementor-sitemap-item-page page_item page-item-7865\"><a href=\"https:\/\/sw-ift.ae\/fr\/sweden\/\">SWIFT Holding en Su\u00e8de<\/a><\/li><li class=\"elementor-sitemap-item elementor-sitemap-item-page page_item page-item-7864\"><a href=\"https:\/\/sw-ift.ae\/fr\/spain\/\">SWIFT Holding en Espagne<\/a><\/li><li class=\"elementor-sitemap-item elementor-sitemap-item-page page_item page-item-7863\"><a href=\"https:\/\/sw-ift.ae\/fr\/slovakia\/\">SWIFT Holding en Slovaquie<\/a><\/li><li class=\"elementor-sitemap-item elementor-sitemap-item-page page_item page-item-7861\"><a href=\"https:\/\/sw-ift.ae\/fr\/switzerland\/\">SWIFT Holding en Suisse<\/a><\/li><li class=\"elementor-sitemap-item elementor-sitemap-item-page page_item page-item-7860\"><a href=\"https:\/\/sw-ift.ae\/fr\/saudi-arabia\/\">SWIFT Holding en Arabie Saoudite<\/a><\/li><li class=\"elementor-sitemap-item elementor-sitemap-item-page page_item page-item-7859\"><a href=\"https:\/\/sw-ift.ae\/fr\/portugal\/\">SWIFT Holding au Portugal<\/a><\/li><li class=\"elementor-sitemap-item elementor-sitemap-item-page page_item page-item-7858\"><a href=\"https:\/\/sw-ift.ae\/fr\/poland\/\">SWIFT Holding en Pologne<\/a><\/li><li class=\"elementor-sitemap-item elementor-sitemap-item-page page_item page-item-7862\"><a href=\"https:\/\/sw-ift.ae\/fr\/singapore\/\">SWIFT Holding \u00e0 Singapour<\/a><\/li><li class=\"elementor-sitemap-item elementor-sitemap-item-page page_item page-item-7409\"><a href=\"https:\/\/sw-ift.ae\/fr\/country\/finland\/\">SWIFT Holding en Finlande<\/a><\/li><li class=\"elementor-sitemap-item elementor-sitemap-item-page page_item page-item-7405\"><a href=\"https:\/\/sw-ift.ae\/fr\/netherlands\/\">SWIFT Holding aux Pays-Bas<\/a><\/li><li class=\"elementor-sitemap-item elementor-sitemap-item-page page_item page-item-7414\"><a href=\"https:\/\/sw-ift.ae\/fr\/luxembourg\/\">SWIFT Holding au Luxembourg<\/a><\/li><li class=\"elementor-sitemap-item elementor-sitemap-item-page page_item page-item-7413\"><a href=\"https:\/\/sw-ift.ae\/fr\/korea\/\">SWIFT Holding en Cor\u00e9e<\/a><\/li><li class=\"elementor-sitemap-item elementor-sitemap-item-page page_item page-item-7412\"><a href=\"https:\/\/sw-ift.ae\/fr\/japan\/\">SWIFT Holding au Japon<\/a><\/li><li class=\"elementor-sitemap-item elementor-sitemap-item-page page_item page-item-7411\"><a href=\"https:\/\/sw-ift.ae\/fr\/italy\/\">SWIFT Holding en Italie<\/a><\/li><li class=\"elementor-sitemap-item elementor-sitemap-item-page page_item page-item-7407\"><a href=\"https:\/\/sw-ift.ae\/fr\/hungary\/\">SWIFT Holding en Hongrie<\/a><\/li><li class=\"elementor-sitemap-item elementor-sitemap-item-page page_item page-item-7406\"><a href=\"https:\/\/sw-ift.ae\/fr\/country\/france\/\">SWIFT Holding en France<\/a><\/li><li class=\"elementor-sitemap-item elementor-sitemap-item-page page_item page-item-7389\"><a href=\"https:\/\/sw-ift.ae\/fr\/country\/denmark\/\">SWIFT Holding au Danemark<\/a><\/li><li class=\"elementor-sitemap-item elementor-sitemap-item-page page_item page-item-7388\"><a href=\"https:\/\/sw-ift.ae\/fr\/country\/colombia\/\">SWIFT Holding en Colombie<\/a><\/li><li class=\"elementor-sitemap-item elementor-sitemap-item-page page_item page-item-7387\"><a href=\"https:\/\/sw-ift.ae\/fr\/country\/china\/\">Participation de SWIFT en Chine<\/a><\/li><li class=\"elementor-sitemap-item elementor-sitemap-item-page page_item page-item-7386\"><a href=\"https:\/\/sw-ift.ae\/fr\/country\/chile\/\">SWIFT Holding au Chili<\/a><\/li><li class=\"elementor-sitemap-item elementor-sitemap-item-page page_item page-item-7385\"><a href=\"https:\/\/sw-ift.ae\/fr\/country\/canada\/\">SWIFT Holding au Canada<\/a><\/li><li class=\"elementor-sitemap-item elementor-sitemap-item-page page_item page-item-7383\"><a href=\"https:\/\/sw-ift.ae\/fr\/country\/brazil\/\">SWIFT Holding au Br\u00e9sil<\/a><\/li><li class=\"elementor-sitemap-item elementor-sitemap-item-page page_item page-item-7381\"><a href=\"https:\/\/sw-ift.ae\/fr\/country\/belgium\/\">SWIFT Holding en Belgique<\/a><\/li><li class=\"elementor-sitemap-item elementor-sitemap-item-page page_item page-item-7379\"><a href=\"https:\/\/sw-ift.ae\/fr\/country\/australia\/\">SWIFT Holding en Australie<\/a><\/li><li class=\"elementor-sitemap-item elementor-sitemap-item-page page_item page-item-7082\"><a href=\"https:\/\/sw-ift.ae\/fr\/expertise\/art-trading\/art-acquisition-consulting\/\">Conseil en mati\u00e8re d'acquisition d'\u0153uvres d'art<\/a><\/li><li class=\"elementor-sitemap-item elementor-sitemap-item-page page_item page-item-7074\"><a href=\"https:\/\/sw-ift.ae\/fr\/expertise\/art-trading\/art-brokerage\/\">Courtage en \u0153uvres d'art<\/a><\/li><li class=\"elementor-sitemap-item elementor-sitemap-item-page page_item page-item-7080\"><a href=\"https:\/\/sw-ift.ae\/fr\/expertise\/art-trading\/art-portfolio-management\/\">Gestion de portefeuilles d'\u0153uvres d'art<\/a><\/li><li class=\"elementor-sitemap-item elementor-sitemap-item-page page_item page-item-7078\"><a href=\"https:\/\/sw-ift.ae\/fr\/expertise\/art-trading\/art-valuation-appraisal\/\">Art Valuation &#038; Appraisal<\/a><\/li><li class=\"elementor-sitemap-item elementor-sitemap-item-page page_item page-item-7084\"><a href=\"https:\/\/sw-ift.ae\/fr\/expertise\/art-trading\/global-art-curation\/\">La conservation de l'art mondial<\/a><\/li><li class=\"elementor-sitemap-item elementor-sitemap-item-page page_item page-item-7076\"><a href=\"https:\/\/sw-ift.ae\/fr\/expertise\/art-trading\/provenance-verification\/\">V\u00e9rification de la provenance<\/a><\/li><li class=\"elementor-sitemap-item elementor-sitemap-item-page page_item page-item-7062\"><a href=\"https:\/\/sw-ift.ae\/fr\/sitemap\/\">Sitemap<\/a><\/li><li class=\"elementor-sitemap-item elementor-sitemap-item-page page_item page-item-6101\"><a href=\"https:\/\/sw-ift.ae\/fr\/expertise\/commodities-trading-direct\/soft-commodities\/\">Produits de base mous<\/a><\/li><li class=\"elementor-sitemap-item elementor-sitemap-item-page page_item page-item-6099\"><a href=\"https:\/\/sw-ift.ae\/fr\/expertise\/commodities-trading-direct\/hard-commodities\/\">Mati\u00e8res premi\u00e8res dures<\/a><\/li><li class=\"elementor-sitemap-item elementor-sitemap-item-page page_item page-item-6092\"><a href=\"https:\/\/sw-ift.ae\/fr\/expertise\/digital-consulting\/digital-advertising\/\">Publicit\u00e9 num\u00e9rique<\/a><\/li><li class=\"elementor-sitemap-item elementor-sitemap-item-page page_item page-item-6090\"><a href=\"https:\/\/sw-ift.ae\/fr\/expertise\/digital-consulting\/cx-ex-consulting\/\">CX &#038; EX Consulting<\/a><\/li><li class=\"elementor-sitemap-item elementor-sitemap-item-page page_item page-item-6083\"><a href=\"https:\/\/sw-ift.ae\/fr\/expertise\/digital-consulting\/ui-ux-design\/\">Conception UI &amp; UX<\/a><\/li><li class=\"elementor-sitemap-item elementor-sitemap-item-page page_item page-item-5938\"><a href=\"https:\/\/sw-ift.ae\/fr\/investors\/select\/\">Select Page<\/a><\/li><li class=\"elementor-sitemap-item elementor-sitemap-item-page page_item page-item-4720\"><a href=\"https:\/\/sw-ift.ae\/fr\/legal\/kyc\/\">KYC &#8211; Identity Verification<\/a><\/li><li class=\"elementor-sitemap-item elementor-sitemap-item-page page_item page-item-3586\"><a href=\"https:\/\/sw-ift.ae\/fr\/contact\/careers\/\">Contact For Careers<\/a><\/li><li class=\"elementor-sitemap-item elementor-sitemap-item-page page_item page-item-3584\"><a href=\"https:\/\/sw-ift.ae\/fr\/contact\/vendor\/\">Contact For Vendor &#038; Suppliers<\/a><\/li><li class=\"elementor-sitemap-item elementor-sitemap-item-page page_item page-item-3576\"><a href=\"https:\/\/sw-ift.ae\/fr\/contact\/general-contact\/\">Contact For General Inquiries<\/a><\/li><li class=\"elementor-sitemap-item elementor-sitemap-item-page page_item page-item-3567\"><a href=\"https:\/\/sw-ift.ae\/fr\/contact\/investor\/\">Contact For Investor<\/a><\/li><li class=\"elementor-sitemap-item elementor-sitemap-item-page page_item page-item-3539\"><a href=\"https:\/\/sw-ift.ae\/fr\/contact\/institute-investor\/\">Contact For Institutional Investors<\/a><\/li><li class=\"elementor-sitemap-item elementor-sitemap-item-page page_item page-item-3201\"><a href=\"https:\/\/sw-ift.ae\/fr\/news\/\">Nouvelles des initi\u00e9s<\/a><\/li><li class=\"elementor-sitemap-item elementor-sitemap-item-page page_item page-item-2843\"><a href=\"https:\/\/sw-ift.ae\/fr\/investors\/\">Investisseurs<\/a><\/li><li class=\"elementor-sitemap-item elementor-sitemap-item-page page_item page-item-1815\"><a href=\"https:\/\/sw-ift.ae\/fr\/industries\/\">Industries<\/a><\/li><li class=\"elementor-sitemap-item elementor-sitemap-item-page page_item page-item-1006\"><a href=\"https:\/\/sw-ift.ae\/fr\/expertise\/esg-consulting\/\">L'ESG dans l'immobilier<\/a><\/li><li class=\"elementor-sitemap-item elementor-sitemap-item-page page_item page-item-906\"><a href=\"https:\/\/sw-ift.ae\/fr\/elements\/\">elements<\/a><\/li><li class=\"elementor-sitemap-item elementor-sitemap-item-page page_item page-item-355\"><a href=\"https:\/\/sw-ift.ae\/fr\/legal\/impressum\/\">Impressum<\/a><\/li><li class=\"elementor-sitemap-item elementor-sitemap-item-page page_item page-item-353\"><a href=\"https:\/\/sw-ift.ae\/fr\/legal\/cookie-policy\/\">Cookie Policy<\/a><\/li><li class=\"elementor-sitemap-item elementor-sitemap-item-page page_item page-item-351\"><a href=\"https:\/\/sw-ift.ae\/fr\/legal\/privacy-policy\/\">Politique de confidentialit\u00e9<\/a><\/li><li class=\"elementor-sitemap-item elementor-sitemap-item-page page_item page-item-349\"><a href=\"https:\/\/sw-ift.ae\/fr\/legal\/terms-and-conditions\/\">Terms And Conditions<\/a><\/li><li class=\"elementor-sitemap-item elementor-sitemap-item-page page_item page-item-346\"><a href=\"https:\/\/sw-ift.ae\/fr\/legal\/\">Juridique<\/a><\/li><li class=\"elementor-sitemap-item elementor-sitemap-item-page page_item page-item-303\"><a href=\"https:\/\/sw-ift.ae\/fr\/contact\/\">Contact<\/a><\/li><li class=\"elementor-sitemap-item elementor-sitemap-item-page page_item page-item-297\"><a href=\"https:\/\/sw-ift.ae\/fr\/portfolio\/\">Portefeuille<\/a><\/li><li class=\"elementor-sitemap-item elementor-sitemap-item-page page_item page-item-295\"><a href=\"https:\/\/sw-ift.ae\/fr\/about\/\">\u00c0 propos de SWIFT<\/a><\/li><li class=\"elementor-sitemap-item elementor-sitemap-item-page page_item page-item-293\"><a href=\"https:\/\/sw-ift.ae\/fr\/expertise\/digital-consulting\/cybersecurity\/\">Cybers\u00e9curit\u00e9<\/a><\/li><li class=\"elementor-sitemap-item elementor-sitemap-item-page page_item page-item-291\"><a href=\"https:\/\/sw-ift.ae\/fr\/expertise\/digital-consulting\/development-operations-devops\/\">Op\u00e9rations de d\u00e9veloppement (DevOps)<\/a><\/li><li class=\"elementor-sitemap-item elementor-sitemap-item-page page_item page-item-285\"><a href=\"https:\/\/sw-ift.ae\/fr\/expertise\/digital-consulting\/\">Conseil num\u00e9rique<\/a><\/li><li class=\"elementor-sitemap-item elementor-sitemap-item-page page_item page-item-280\"><a href=\"https:\/\/sw-ift.ae\/fr\/expertise\/real-estate\/real-estate-trading\/\">N\u00e9gociation de biens immobiliers<\/a><\/li><li class=\"elementor-sitemap-item elementor-sitemap-item-page page_item page-item-278\"><a href=\"https:\/\/sw-ift.ae\/fr\/expertise\/real-estate\/real-estate-consultants\/\">Consultants en immobilier<\/a><\/li><li class=\"elementor-sitemap-item elementor-sitemap-item-page page_item page-item-276\"><a href=\"https:\/\/sw-ift.ae\/fr\/expertise\/real-estate\/real-estate-development-service\/\">Service de d\u00e9veloppement immobilier<\/a><\/li><li class=\"elementor-sitemap-item elementor-sitemap-item-page page_item page-item-274\"><a href=\"https:\/\/sw-ift.ae\/fr\/expertise\/real-estate\/facility-management\/\">Gestion des installations<\/a><\/li><li class=\"elementor-sitemap-item elementor-sitemap-item-page page_item page-item-272\"><a href=\"https:\/\/sw-ift.ae\/fr\/expertise\/real-estate\/asset-management\/\">Gestion des actifs<\/a><\/li><li class=\"elementor-sitemap-item elementor-sitemap-item-page page_item page-item-270\"><a href=\"https:\/\/sw-ift.ae\/fr\/expertise\/real-estate\/real-estate-development\/\">D\u00e9veloppement immobilier<\/a><\/li><li class=\"elementor-sitemap-item elementor-sitemap-item-page page_item page-item-268\"><a href=\"https:\/\/sw-ift.ae\/fr\/expertise\/art-trading\/\">Commerce d'art<\/a><\/li><li class=\"elementor-sitemap-item elementor-sitemap-item-page page_item page-item-266\"><a href=\"https:\/\/sw-ift.ae\/fr\/expertise\/multi-family-office\/\">Bureau multifamilial<\/a><\/li><li class=\"elementor-sitemap-item elementor-sitemap-item-page page_item page-item-264\"><a href=\"https:\/\/sw-ift.ae\/fr\/expertise\/commodities-trading-direct\/\">N\u00e9goce de mati\u00e8res premi\u00e8res (direct)<\/a><\/li><li class=\"elementor-sitemap-item elementor-sitemap-item-page page_item page-item-260\"><a href=\"https:\/\/sw-ift.ae\/fr\/expertise\/real-estate\/\">Immobilier<\/a><\/li><li class=\"elementor-sitemap-item elementor-sitemap-item-page page_item page-item-258\"><a href=\"https:\/\/sw-ift.ae\/fr\/expertise\/\">Expertise<\/a><\/li><li class=\"elementor-sitemap-item elementor-sitemap-item-page page_item page-item-25\"><a href=\"https:\/\/sw-ift.ae\/fr\/boncap\/\">Home<\/a><\/li><\/ul><\/div><\/div>\t\t\t\t<\/div>\n\t\t\t\t<\/div>\n\t\t\t\t\t<\/div>\n\t\t\t\t<\/div>\n\t\t\t\t<\/div>","protected":false},"excerpt":{"rendered":"","protected":false},"author":8,"featured_media":0,"parent":0,"menu_order":0,"comment_status":"closed","ping_status":"closed","template":"","meta":{"footnotes":""},"class_list":["post-7062","page","type-page","status-publish","hentry"],"_links":{"self":[{"href":"https:\/\/sw-ift.ae\/fr\/wp-json\/wp\/v2\/pages\/7062","targetHints":{"allow":["GET"]}}],"collection":[{"href":"https:\/\/sw-ift.ae\/fr\/wp-json\/wp\/v2\/pages"}],"about":[{"href":"https:\/\/sw-ift.ae\/fr\/wp-json\/wp\/v2\/types\/page"}],"author":[{"embeddable":true,"href":"https:\/\/sw-ift.ae\/fr\/wp-json\/wp\/v2\/users\/8"}],"replies":[{"embeddable":true,"href":"https:\/\/sw-ift.ae\/fr\/wp-json\/wp\/v2\/comments?post=7062"}],"version-history":[{"count":0,"href":"https:\/\/sw-ift.ae\/fr\/wp-json\/wp\/v2\/pages\/7062\/revisions"}],"wp:attachment":[{"href":"https:\/\/sw-ift.ae\/fr\/wp-json\/wp\/v2\/media?parent=7062"}],"curies":[{"name":"wp","href":"https:\/\/api.w.org\/{rel}","templated":true}]}}