{"id":7062,"date":"2024-11-20T10:56:30","date_gmt":"2024-11-20T10:56:30","guid":{"rendered":"https:\/\/sw-ift.ae\/?page_id=7062"},"modified":"2024-11-20T10:57:10","modified_gmt":"2024-11-20T10:57:10","slug":"sitemap","status":"publish","type":"page","link":"https:\/\/sw-ift.ae\/cs\/sitemap\/","title":{"rendered":"Sitemap"},"content":{"rendered":"<div data-elementor-type=\"wp-page\" data-elementor-id=\"7062\" class=\"elementor elementor-7062\" data-elementor-settings=\"{&quot;element_pack_global_tooltip_width&quot;:{&quot;unit&quot;:&quot;px&quot;,&quot;size&quot;:&quot;&quot;,&quot;sizes&quot;:[]},&quot;element_pack_global_tooltip_width_tablet&quot;:{&quot;unit&quot;:&quot;px&quot;,&quot;size&quot;:&quot;&quot;,&quot;sizes&quot;:[]},&quot;element_pack_global_tooltip_width_mobile&quot;:{&quot;unit&quot;:&quot;px&quot;,&quot;size&quot;:&quot;&quot;,&quot;sizes&quot;:[]},&quot;element_pack_global_tooltip_padding&quot;:{&quot;unit&quot;:&quot;px&quot;,&quot;top&quot;:&quot;&quot;,&quot;right&quot;:&quot;&quot;,&quot;bottom&quot;:&quot;&quot;,&quot;left&quot;:&quot;&quot;,&quot;isLinked&quot;:true},&quot;element_pack_global_tooltip_padding_tablet&quot;:{&quot;unit&quot;:&quot;px&quot;,&quot;top&quot;:&quot;&quot;,&quot;right&quot;:&quot;&quot;,&quot;bottom&quot;:&quot;&quot;,&quot;left&quot;:&quot;&quot;,&quot;isLinked&quot;:true},&quot;element_pack_global_tooltip_padding_mobile&quot;:{&quot;unit&quot;:&quot;px&quot;,&quot;top&quot;:&quot;&quot;,&quot;right&quot;:&quot;&quot;,&quot;bottom&quot;:&quot;&quot;,&quot;left&quot;:&quot;&quot;,&quot;isLinked&quot;:true},&quot;element_pack_global_tooltip_border_radius&quot;:{&quot;unit&quot;:&quot;px&quot;,&quot;top&quot;:&quot;&quot;,&quot;right&quot;:&quot;&quot;,&quot;bottom&quot;:&quot;&quot;,&quot;left&quot;:&quot;&quot;,&quot;isLinked&quot;:true},&quot;element_pack_global_tooltip_border_radius_tablet&quot;:{&quot;unit&quot;:&quot;px&quot;,&quot;top&quot;:&quot;&quot;,&quot;right&quot;:&quot;&quot;,&quot;bottom&quot;:&quot;&quot;,&quot;left&quot;:&quot;&quot;,&quot;isLinked&quot;:true},&quot;element_pack_global_tooltip_border_radius_mobile&quot;:{&quot;unit&quot;:&quot;px&quot;,&quot;top&quot;:&quot;&quot;,&quot;right&quot;:&quot;&quot;,&quot;bottom&quot;:&quot;&quot;,&quot;left&quot;:&quot;&quot;,&quot;isLinked&quot;:true}}\" data-elementor-post-type=\"page\">\n\t\t\t\t<div class=\"elementor-element elementor-element-0b9d53e e-flex e-con-boxed e-con e-parent\" data-id=\"0b9d53e\" data-element_type=\"container\">\n\t\t\t\t\t<div class=\"e-con-inner\">\n\t\t\t\t<div class=\"elementor-element elementor-element-15778f1 elementor-widget elementor-widget-sitemap\" data-id=\"15778f1\" data-element_type=\"widget\" data-widget_type=\"sitemap.default\">\n\t\t\t\t<div class=\"elementor-widget-container\">\n\t\t\t\t\t<div class=\"elementor-sitemap-wrap\"><div class=\"elementor-sitemap-section\"><h2 class=\"elementor-sitemap-title elementor-sitemap-page-title\">Pages<\/h2><ul class=\"elementor-sitemap-list elementor-sitemap-page-list\"><li class=\"elementor-sitemap-item elementor-sitemap-item-page page_item page-item-13460\"><a href=\"https:\/\/sw-ift.ae\/cs\/expertise\/big-white-crypto\/\">Big White Crypto<\/a><\/li><li class=\"elementor-sitemap-item elementor-sitemap-item-page page_item page-item-13069\"><a href=\"https:\/\/sw-ift.ae\/cs\/expertise\/decentralized-digital-transformation\/\">SWIFT DCT<\/a><\/li><li class=\"elementor-sitemap-item elementor-sitemap-item-page page_item page-item-13062\"><a href=\"https:\/\/sw-ift.ae\/cs\/404-error\/\">404<\/a><\/li><li class=\"elementor-sitemap-item elementor-sitemap-item-page page_item page-item-12538\"><a href=\"https:\/\/sw-ift.ae\/cs\/valgrind-request\/\">Valgrind<\/a><\/li><li class=\"elementor-sitemap-item elementor-sitemap-item-page page_item page-item-12521\"><a href=\"https:\/\/sw-ift.ae\/cs\/\">SWIFT Holding ve Spojen\u00fdch arabsk\u00fdch emir\u00e1tech<\/a><\/li><li class=\"elementor-sitemap-item elementor-sitemap-item-page page_item page-item-12519\"><a href=\"https:\/\/sw-ift.ae\/cs\/south-africa\/\">SWIFT Holding v Ji\u017en\u00ed Africe<\/a><\/li><li class=\"elementor-sitemap-item elementor-sitemap-item-page page_item page-item-12495\"><a href=\"https:\/\/sw-ift.ae\/cs\/country\/hong-kong\/\">SWIFT Holding v Hongkongu<\/a><\/li><li class=\"elementor-sitemap-item elementor-sitemap-item-page page_item page-item-12489\"><a href=\"https:\/\/sw-ift.ae\/cs\/country\/czech-republic\/\">SWIFT Holding v \u010cesk\u00e9 republice<\/a><\/li><li class=\"elementor-sitemap-item elementor-sitemap-item-page page_item page-item-8795\"><a href=\"https:\/\/sw-ift.ae\/cs\/contact\/thank-you\/\">Thank You<\/a><\/li><li class=\"elementor-sitemap-item elementor-sitemap-item-page page_item page-item-8451\"><a href=\"https:\/\/sw-ift.ae\/cs\/block\/\">Block<\/a><\/li><li class=\"elementor-sitemap-item elementor-sitemap-item-page page_item page-item-7868\"><a href=\"https:\/\/sw-ift.ae\/cs\/country\/austria\/\">SWIFT Holding v Rakousku<\/a><\/li><li class=\"elementor-sitemap-item elementor-sitemap-item-page page_item page-item-7867\"><a href=\"https:\/\/sw-ift.ae\/cs\/united-states\/\">SWIFT Holding ve Spojen\u00fdch st\u00e1tech<\/a><\/li><li class=\"elementor-sitemap-item elementor-sitemap-item-page page_item page-item-7866\"><a href=\"https:\/\/sw-ift.ae\/cs\/united-kingdom\/\">SWIFT Holding ve Spojen\u00e9m kr\u00e1lovstv\u00ed<\/a><\/li><li class=\"elementor-sitemap-item elementor-sitemap-item-page page_item page-item-7865\"><a href=\"https:\/\/sw-ift.ae\/cs\/sweden\/\">SWIFT Holding ve \u0160v\u00e9dsku<\/a><\/li><li class=\"elementor-sitemap-item elementor-sitemap-item-page page_item page-item-7864\"><a href=\"https:\/\/sw-ift.ae\/cs\/spain\/\">SWIFT Holding ve \u0160pan\u011blsku<\/a><\/li><li class=\"elementor-sitemap-item elementor-sitemap-item-page page_item page-item-7863\"><a href=\"https:\/\/sw-ift.ae\/cs\/slovakia\/\">SWIFT Holding na Slovensku<\/a><\/li><li class=\"elementor-sitemap-item elementor-sitemap-item-page page_item page-item-7861\"><a href=\"https:\/\/sw-ift.ae\/cs\/switzerland\/\">SWIFT Holding ve \u0160v\u00fdcarsku<\/a><\/li><li class=\"elementor-sitemap-item elementor-sitemap-item-page page_item page-item-7860\"><a href=\"https:\/\/sw-ift.ae\/cs\/saudi-arabia\/\">SWIFT Holding v Sa\u00fadsk\u00e9 Ar\u00e1bii<\/a><\/li><li class=\"elementor-sitemap-item elementor-sitemap-item-page page_item page-item-7859\"><a href=\"https:\/\/sw-ift.ae\/cs\/portugal\/\">SWIFT Holding v Portugalsku<\/a><\/li><li class=\"elementor-sitemap-item elementor-sitemap-item-page page_item page-item-7858\"><a href=\"https:\/\/sw-ift.ae\/cs\/poland\/\">SWIFT Holding v Polsku<\/a><\/li><li class=\"elementor-sitemap-item elementor-sitemap-item-page page_item page-item-7862\"><a href=\"https:\/\/sw-ift.ae\/cs\/singapore\/\">SWIFT Holding v Singapuru<\/a><\/li><li class=\"elementor-sitemap-item elementor-sitemap-item-page page_item page-item-7409\"><a href=\"https:\/\/sw-ift.ae\/cs\/country\/finland\/\">SWIFT Holding ve Finsku<\/a><\/li><li class=\"elementor-sitemap-item elementor-sitemap-item-page page_item page-item-7405\"><a href=\"https:\/\/sw-ift.ae\/cs\/netherlands\/\">SWIFT Holding v Nizozemsku<\/a><\/li><li class=\"elementor-sitemap-item elementor-sitemap-item-page page_item page-item-7414\"><a href=\"https:\/\/sw-ift.ae\/cs\/luxembourg\/\">SWIFT Holding v Lucembursku<\/a><\/li><li class=\"elementor-sitemap-item elementor-sitemap-item-page page_item page-item-7413\"><a href=\"https:\/\/sw-ift.ae\/cs\/korea\/\">SWIFT Holding v Koreji<\/a><\/li><li class=\"elementor-sitemap-item elementor-sitemap-item-page page_item page-item-7412\"><a href=\"https:\/\/sw-ift.ae\/cs\/japan\/\">SWIFT Holding v Japonsku<\/a><\/li><li class=\"elementor-sitemap-item elementor-sitemap-item-page page_item page-item-7411\"><a href=\"https:\/\/sw-ift.ae\/cs\/italy\/\">SWIFT Holding v It\u00e1lii<\/a><\/li><li class=\"elementor-sitemap-item elementor-sitemap-item-page page_item page-item-7407\"><a href=\"https:\/\/sw-ift.ae\/cs\/hungary\/\">SWIFT Holding v Ma\u010farsku<\/a><\/li><li class=\"elementor-sitemap-item elementor-sitemap-item-page page_item page-item-7406\"><a href=\"https:\/\/sw-ift.ae\/cs\/country\/france\/\">SWIFT Holding ve Francii<\/a><\/li><li class=\"elementor-sitemap-item elementor-sitemap-item-page page_item page-item-7389\"><a href=\"https:\/\/sw-ift.ae\/cs\/country\/denmark\/\">SWIFT Holding v D\u00e1nsku<\/a><\/li><li class=\"elementor-sitemap-item elementor-sitemap-item-page page_item page-item-7388\"><a href=\"https:\/\/sw-ift.ae\/cs\/country\/colombia\/\">SWIFT Holding v Kolumbii<\/a><\/li><li class=\"elementor-sitemap-item elementor-sitemap-item-page page_item page-item-7387\"><a href=\"https:\/\/sw-ift.ae\/cs\/country\/china\/\">SWIFT Holding v \u010c\u00edn\u011b<\/a><\/li><li class=\"elementor-sitemap-item elementor-sitemap-item-page page_item page-item-7386\"><a href=\"https:\/\/sw-ift.ae\/cs\/country\/chile\/\">SWIFT Holding v Chile<\/a><\/li><li class=\"elementor-sitemap-item elementor-sitemap-item-page page_item page-item-7385\"><a href=\"https:\/\/sw-ift.ae\/cs\/country\/canada\/\">SWIFT Holding v Kanad\u011b<\/a><\/li><li class=\"elementor-sitemap-item elementor-sitemap-item-page page_item page-item-7383\"><a href=\"https:\/\/sw-ift.ae\/cs\/country\/brazil\/\">SWIFT Holding v Braz\u00edlii<\/a><\/li><li class=\"elementor-sitemap-item elementor-sitemap-item-page page_item page-item-7381\"><a href=\"https:\/\/sw-ift.ae\/cs\/country\/belgium\/\">SWIFT Holding v Belgii<\/a><\/li><li class=\"elementor-sitemap-item elementor-sitemap-item-page page_item page-item-7379\"><a href=\"https:\/\/sw-ift.ae\/cs\/country\/australia\/\">SWIFT Holding v Austr\u00e1lii<\/a><\/li><li class=\"elementor-sitemap-item elementor-sitemap-item-page page_item page-item-7082\"><a href=\"https:\/\/sw-ift.ae\/cs\/expertise\/art-trading\/art-acquisition-consulting\/\">Poradenstv\u00ed v oblasti akvizic um\u011bn\u00ed<\/a><\/li><li class=\"elementor-sitemap-item elementor-sitemap-item-page page_item page-item-7074\"><a href=\"https:\/\/sw-ift.ae\/cs\/expertise\/art-trading\/art-brokerage\/\">Zprost\u0159edkov\u00e1n\u00ed um\u011bn\u00ed<\/a><\/li><li class=\"elementor-sitemap-item elementor-sitemap-item-page page_item page-item-7080\"><a href=\"https:\/\/sw-ift.ae\/cs\/expertise\/art-trading\/art-portfolio-management\/\">Spr\u00e1va um\u011bleck\u00e9ho portfolia<\/a><\/li><li class=\"elementor-sitemap-item elementor-sitemap-item-page page_item page-item-7078\"><a href=\"https:\/\/sw-ift.ae\/cs\/expertise\/art-trading\/art-valuation-appraisal\/\">Art Valuation &#038; Appraisal<\/a><\/li><li class=\"elementor-sitemap-item elementor-sitemap-item-page page_item page-item-7084\"><a href=\"https:\/\/sw-ift.ae\/cs\/expertise\/art-trading\/global-art-curation\/\">Glob\u00e1ln\u00ed kur\u00e1torstv\u00ed um\u011bn\u00ed<\/a><\/li><li class=\"elementor-sitemap-item elementor-sitemap-item-page page_item page-item-7076\"><a href=\"https:\/\/sw-ift.ae\/cs\/expertise\/art-trading\/provenance-verification\/\">Ov\u011b\u0159ov\u00e1n\u00ed p\u016fvodu<\/a><\/li><li class=\"elementor-sitemap-item elementor-sitemap-item-page page_item page-item-7062\"><a href=\"https:\/\/sw-ift.ae\/cs\/sitemap\/\">Sitemap<\/a><\/li><li class=\"elementor-sitemap-item elementor-sitemap-item-page page_item page-item-6101\"><a href=\"https:\/\/sw-ift.ae\/cs\/expertise\/commodities-trading-direct\/soft-commodities\/\">M\u011bkk\u00e9 komodity<\/a><\/li><li class=\"elementor-sitemap-item elementor-sitemap-item-page page_item page-item-6099\"><a href=\"https:\/\/sw-ift.ae\/cs\/expertise\/commodities-trading-direct\/hard-commodities\/\">Tvrd\u00e9 komodity<\/a><\/li><li class=\"elementor-sitemap-item elementor-sitemap-item-page page_item page-item-6092\"><a href=\"https:\/\/sw-ift.ae\/cs\/expertise\/digital-consulting\/digital-advertising\/\">Digit\u00e1ln\u00ed reklama<\/a><\/li><li class=\"elementor-sitemap-item elementor-sitemap-item-page page_item page-item-6090\"><a href=\"https:\/\/sw-ift.ae\/cs\/expertise\/digital-consulting\/cx-ex-consulting\/\">CX &#038; EX Consulting<\/a><\/li><li class=\"elementor-sitemap-item elementor-sitemap-item-page page_item page-item-6083\"><a href=\"https:\/\/sw-ift.ae\/cs\/expertise\/digital-consulting\/ui-ux-design\/\">N\u00e1vrh u\u017eivatelsk\u00e9ho rozhran\u00ed a UX<\/a><\/li><li class=\"elementor-sitemap-item elementor-sitemap-item-page page_item page-item-5938\"><a href=\"https:\/\/sw-ift.ae\/cs\/investors\/select\/\">Select Page<\/a><\/li><li class=\"elementor-sitemap-item elementor-sitemap-item-page page_item page-item-4720\"><a href=\"https:\/\/sw-ift.ae\/cs\/legal\/kyc\/\">KYC &#8211; Identity Verification<\/a><\/li><li class=\"elementor-sitemap-item elementor-sitemap-item-page page_item page-item-3586\"><a href=\"https:\/\/sw-ift.ae\/cs\/contact\/careers\/\">Contact For Careers<\/a><\/li><li class=\"elementor-sitemap-item elementor-sitemap-item-page page_item page-item-3584\"><a href=\"https:\/\/sw-ift.ae\/cs\/contact\/vendor\/\">Contact For Vendor &#038; Suppliers<\/a><\/li><li class=\"elementor-sitemap-item elementor-sitemap-item-page page_item page-item-3576\"><a href=\"https:\/\/sw-ift.ae\/cs\/contact\/general-contact\/\">Contact For General Inquiries<\/a><\/li><li class=\"elementor-sitemap-item elementor-sitemap-item-page page_item page-item-3567\"><a href=\"https:\/\/sw-ift.ae\/cs\/contact\/investor\/\">Contact For Investor<\/a><\/li><li class=\"elementor-sitemap-item elementor-sitemap-item-page page_item page-item-3539\"><a href=\"https:\/\/sw-ift.ae\/cs\/contact\/institute-investor\/\">Contact For Institutional Investors<\/a><\/li><li class=\"elementor-sitemap-item elementor-sitemap-item-page page_item page-item-3201\"><a href=\"https:\/\/sw-ift.ae\/cs\/news\/\">Insider News<\/a><\/li><li class=\"elementor-sitemap-item elementor-sitemap-item-page page_item page-item-2843\"><a href=\"https:\/\/sw-ift.ae\/cs\/investors\/\">Investo\u0159i<\/a><\/li><li class=\"elementor-sitemap-item elementor-sitemap-item-page page_item page-item-1815\"><a href=\"https:\/\/sw-ift.ae\/cs\/industries\/\">Odv\u011btv\u00ed<\/a><\/li><li class=\"elementor-sitemap-item elementor-sitemap-item-page page_item page-item-1006\"><a href=\"https:\/\/sw-ift.ae\/cs\/expertise\/esg-consulting\/\">ESG v nemovitostech<\/a><\/li><li class=\"elementor-sitemap-item elementor-sitemap-item-page page_item page-item-906\"><a href=\"https:\/\/sw-ift.ae\/cs\/elements\/\">elements<\/a><\/li><li class=\"elementor-sitemap-item elementor-sitemap-item-page page_item page-item-355\"><a href=\"https:\/\/sw-ift.ae\/cs\/legal\/impressum\/\">Impressum<\/a><\/li><li class=\"elementor-sitemap-item elementor-sitemap-item-page page_item page-item-353\"><a href=\"https:\/\/sw-ift.ae\/cs\/legal\/cookie-policy\/\">Z\u00e1sady pou\u017e\u00edv\u00e1n\u00ed soubor\u016f cookie<\/a><\/li><li class=\"elementor-sitemap-item elementor-sitemap-item-page page_item page-item-351\"><a href=\"https:\/\/sw-ift.ae\/cs\/legal\/privacy-policy\/\">Z\u00e1sady ochrany osobn\u00edch \u00fadaj\u016f<\/a><\/li><li class=\"elementor-sitemap-item elementor-sitemap-item-page page_item page-item-349\"><a href=\"https:\/\/sw-ift.ae\/cs\/legal\/terms-and-conditions\/\">Terms And Conditions<\/a><\/li><li class=\"elementor-sitemap-item elementor-sitemap-item-page page_item page-item-346\"><a href=\"https:\/\/sw-ift.ae\/cs\/legal\/\">Pr\u00e1vn\u00ed<\/a><\/li><li class=\"elementor-sitemap-item elementor-sitemap-item-page page_item page-item-303\"><a href=\"https:\/\/sw-ift.ae\/cs\/contact\/\">Kontakt<\/a><\/li><li class=\"elementor-sitemap-item elementor-sitemap-item-page page_item page-item-297\"><a href=\"https:\/\/sw-ift.ae\/cs\/portfolio\/\">Portfolio<\/a><\/li><li class=\"elementor-sitemap-item elementor-sitemap-item-page page_item page-item-295\"><a href=\"https:\/\/sw-ift.ae\/cs\/about\/\">O spole\u010dnosti SWIFT<\/a><\/li><li class=\"elementor-sitemap-item elementor-sitemap-item-page page_item page-item-293\"><a href=\"https:\/\/sw-ift.ae\/cs\/expertise\/digital-consulting\/cybersecurity\/\">Kybernetick\u00e1 bezpe\u010dnost<\/a><\/li><li class=\"elementor-sitemap-item elementor-sitemap-item-page page_item page-item-291\"><a href=\"https:\/\/sw-ift.ae\/cs\/expertise\/digital-consulting\/development-operations-devops\/\">V\u00fdvojov\u00e9 operace (DevOps)<\/a><\/li><li class=\"elementor-sitemap-item elementor-sitemap-item-page page_item page-item-285\"><a href=\"https:\/\/sw-ift.ae\/cs\/expertise\/digital-consulting\/\">Digit\u00e1ln\u00ed poradenstv\u00ed<\/a><\/li><li class=\"elementor-sitemap-item elementor-sitemap-item-page page_item page-item-280\"><a href=\"https:\/\/sw-ift.ae\/cs\/expertise\/real-estate\/real-estate-trading\/\">Obchodov\u00e1n\u00ed s nemovitostmi<\/a><\/li><li class=\"elementor-sitemap-item elementor-sitemap-item-page page_item page-item-278\"><a href=\"https:\/\/sw-ift.ae\/cs\/expertise\/real-estate\/real-estate-consultants\/\">Realitn\u00ed poradci<\/a><\/li><li class=\"elementor-sitemap-item elementor-sitemap-item-page page_item page-item-276\"><a href=\"https:\/\/sw-ift.ae\/cs\/expertise\/real-estate\/real-estate-development-service\/\">Slu\u017eby v oblasti rozvoje nemovitost\u00ed<\/a><\/li><li class=\"elementor-sitemap-item elementor-sitemap-item-page page_item page-item-274\"><a href=\"https:\/\/sw-ift.ae\/cs\/expertise\/real-estate\/facility-management\/\">Spr\u00e1va za\u0159\u00edzen\u00ed<\/a><\/li><li class=\"elementor-sitemap-item elementor-sitemap-item-page page_item page-item-272\"><a href=\"https:\/\/sw-ift.ae\/cs\/expertise\/real-estate\/asset-management\/\">Spr\u00e1va majetku<\/a><\/li><li class=\"elementor-sitemap-item elementor-sitemap-item-page page_item page-item-270\"><a href=\"https:\/\/sw-ift.ae\/cs\/expertise\/real-estate\/real-estate-development\/\">V\u00fdvoj nemovitost\u00ed<\/a><\/li><li class=\"elementor-sitemap-item elementor-sitemap-item-page page_item page-item-268\"><a href=\"https:\/\/sw-ift.ae\/cs\/expertise\/art-trading\/\">Obchodov\u00e1n\u00ed s um\u011bn\u00edm<\/a><\/li><li class=\"elementor-sitemap-item elementor-sitemap-item-page page_item page-item-266\"><a href=\"https:\/\/sw-ift.ae\/cs\/expertise\/multi-family-office\/\">Kancel\u00e1\u0159e pro v\u00edce rodin<\/a><\/li><li class=\"elementor-sitemap-item elementor-sitemap-item-page page_item page-item-264\"><a href=\"https:\/\/sw-ift.ae\/cs\/expertise\/commodities-trading-direct\/\">Obchodov\u00e1n\u00ed s komoditami (p\u0159\u00edm\u00e9)<\/a><\/li><li class=\"elementor-sitemap-item elementor-sitemap-item-page page_item page-item-260\"><a href=\"https:\/\/sw-ift.ae\/cs\/expertise\/real-estate\/\">Nemovitosti<\/a><\/li><li class=\"elementor-sitemap-item elementor-sitemap-item-page page_item page-item-258\"><a href=\"https:\/\/sw-ift.ae\/cs\/expertise\/\">Odbornost<\/a><\/li><li class=\"elementor-sitemap-item elementor-sitemap-item-page page_item page-item-25\"><a href=\"https:\/\/sw-ift.ae\/cs\/boncap\/\">Home<\/a><\/li><\/ul><\/div><\/div>\t\t\t\t<\/div>\n\t\t\t\t<\/div>\n\t\t\t\t\t<\/div>\n\t\t\t\t<\/div>\n\t\t\t\t<\/div>","protected":false},"excerpt":{"rendered":"","protected":false},"author":8,"featured_media":0,"parent":0,"menu_order":0,"comment_status":"closed","ping_status":"closed","template":"","meta":{"footnotes":""},"class_list":["post-7062","page","type-page","status-publish","hentry"],"_links":{"self":[{"href":"https:\/\/sw-ift.ae\/cs\/wp-json\/wp\/v2\/pages\/7062","targetHints":{"allow":["GET"]}}],"collection":[{"href":"https:\/\/sw-ift.ae\/cs\/wp-json\/wp\/v2\/pages"}],"about":[{"href":"https:\/\/sw-ift.ae\/cs\/wp-json\/wp\/v2\/types\/page"}],"author":[{"embeddable":true,"href":"https:\/\/sw-ift.ae\/cs\/wp-json\/wp\/v2\/users\/8"}],"replies":[{"embeddable":true,"href":"https:\/\/sw-ift.ae\/cs\/wp-json\/wp\/v2\/comments?post=7062"}],"version-history":[{"count":0,"href":"https:\/\/sw-ift.ae\/cs\/wp-json\/wp\/v2\/pages\/7062\/revisions"}],"wp:attachment":[{"href":"https:\/\/sw-ift.ae\/cs\/wp-json\/wp\/v2\/media?parent=7062"}],"curies":[{"name":"wp","href":"https:\/\/api.w.org\/{rel}","templated":true}]}}